{"id":38,"date":"2019-10-30T14:33:38","date_gmt":"2019-10-30T13:33:38","guid":{"rendered":"http:\/\/neu.xtro-ateliers.de\/hestia-front\/"},"modified":"2025-11-29T20:23:01","modified_gmt":"2025-11-29T19:23:01","slug":"hestia-front","status":"publish","type":"page","link":"https:\/\/xtro-ateliers.de\/","title":{"rendered":"Willkommen"},"content":{"rendered":"\t\t<div data-elementor-type=\"wp-page\" data-elementor-id=\"38\" class=\"elementor elementor-38\">\n\t\t\t\t\t\t<section class=\"elementor-section elementor-top-section elementor-element elementor-element-6dea7a2 elementor-section-boxed elementor-section-height-default elementor-section-height-default\" data-id=\"6dea7a2\" data-element_type=\"section\">\n\t\t\t\t\t\t<div class=\"elementor-container elementor-column-gap-default\">\n\t\t\t\t\t<div class=\"elementor-column elementor-col-50 elementor-top-column elementor-element elementor-element-242a595\" data-id=\"242a595\" data-element_type=\"column\">\n\t\t\t<div class=\"elementor-widget-wrap elementor-element-populated\">\n\t\t\t\t\t\t<div class=\"elementor-element elementor-element-81b41ba elementor-widget elementor-widget-heading\" data-id=\"81b41ba\" data-element_type=\"widget\" data-widget_type=\"heading.default\">\n\t\t\t\t<div class=\"elementor-widget-container\">\n\t\t\t\t\t<h2 class=\"elementor-heading-title elementor-size-default\">Herzlich willkommen in unserer Ateliergemeinschaft!<\/h2>\t\t\t\t<\/div>\n\t\t\t\t<\/div>\n\t\t\t\t<div class=\"elementor-element elementor-element-e735c6b elementor-widget elementor-widget-text-editor\" data-id=\"e735c6b\" data-element_type=\"widget\" data-widget_type=\"text-editor.default\">\n\t\t\t\t<div class=\"elementor-widget-container\">\n\t\t\t\t\t\t\t\t\t<div class=\"ce_text g9 block\"><\/div><div class=\"ce_text g9 block\"><p>Nur ein paar Meter von der Spree entfernt arbeiten wir in unseren Ateliers in dem ehemaligen Verwaltungsgeb\u00e4ude 83 des Transformatorenwerks Obersch\u00f6neweide (TRO) auf dem Gel\u00e4nde der Rathenauhallen. Gegr\u00fcndet im April 2011 zun\u00e4chst im 1. OG, haben wir mittlerweile kr\u00e4ftig Fl\u00e4che dazu gewonnen, belegen nun das komplette 1., 2. und 3. Obergeschosses unseres Hauses, sowie einige R\u00e4ume in Geb\u00e4ude 72. Wir, das sind mittlerweile \u00fcber 60 Bildende K\u00fcnstler*innen, Grafiker*innen, Modedesigner*innen und Musiker*innen.<\/p><p><a href=\"\/index.php\/die-kuenstler\/\">&gt; Die K\u00fcnstler*innen<\/a><\/p><p>Wir w\u00fcrden uns freuen, wenn wir Sie pers\u00f6nlich kennenlernen &#8211; bei einem unserer Kurse, bei einer unserer Ausstellungen oder einfach &#8222;nur&#8220; bei einem Atelierbesuch vor Ort!<\/p><\/div>\t\t\t\t\t\t\t\t<\/div>\n\t\t\t\t<\/div>\n\t\t\t\t\t<\/div>\n\t\t<\/div>\n\t\t\t\t<div class=\"elementor-column elementor-col-50 elementor-top-column elementor-element elementor-element-6438147\" data-id=\"6438147\" data-element_type=\"column\">\n\t\t\t<div class=\"elementor-widget-wrap elementor-element-populated\">\n\t\t\t\t\t\t<div class=\"elementor-element elementor-element-5c70cdd elementor-widget elementor-widget-heading\" data-id=\"5c70cdd\" data-element_type=\"widget\" data-widget_type=\"heading.default\">\n\t\t\t\t<div class=\"elementor-widget-container\">\n\t\t\t\t\t<h4 class=\"elementor-heading-title elementor-size-default\">Atelierangebote<\/h4>\t\t\t\t<\/div>\n\t\t\t\t<\/div>\n\t\t\t\t<div class=\"elementor-element elementor-element-794d49f elementor-widget elementor-widget-text-editor\" data-id=\"794d49f\" data-element_type=\"widget\" data-widget_type=\"text-editor.default\">\n\t\t\t\t<div class=\"elementor-widget-container\">\n\t\t\t\t\t\t\t\t\t<p>Zur Zeit haben wir leider keine freien Ateliers.<a href=\"https:\/\/xtro-ateliers.de\/index.php\/atelierangebote\/\"><\/a><\/p>\t\t\t\t\t\t\t\t<\/div>\n\t\t\t\t<\/div>\n\t\t\t\t\t<\/div>\n\t\t<\/div>\n\t\t\t\t\t<\/div>\n\t\t<\/section>\n\t\t\t\t<section class=\"elementor-section elementor-top-section elementor-element elementor-element-1c02f2e elementor-section-boxed elementor-section-height-default elementor-section-height-default\" data-id=\"1c02f2e\" data-element_type=\"section\" data-settings=\"{&quot;background_background&quot;:&quot;classic&quot;}\">\n\t\t\t\t\t\t<div class=\"elementor-container elementor-column-gap-default\">\n\t\t\t\t\t<div class=\"elementor-column elementor-col-100 elementor-top-column elementor-element elementor-element-ce611a3\" data-id=\"ce611a3\" data-element_type=\"column\">\n\t\t\t<div class=\"elementor-widget-wrap elementor-element-populated\">\n\t\t\t\t\t\t<div class=\"elementor-element elementor-element-73b661d elementor-widget elementor-widget-spacer\" data-id=\"73b661d\" data-element_type=\"widget\" data-widget_type=\"spacer.default\">\n\t\t\t\t<div class=\"elementor-widget-container\">\n\t\t\t\t\t\t\t<div class=\"elementor-spacer\">\n\t\t\t<div class=\"elementor-spacer-inner\"><\/div>\n\t\t<\/div>\n\t\t\t\t\t\t<\/div>\n\t\t\t\t<\/div>\n\t\t\t\t<div class=\"elementor-element elementor-element-f7ce7ab elementor-widget elementor-widget-heading\" data-id=\"f7ce7ab\" data-element_type=\"widget\" data-widget_type=\"heading.default\">\n\t\t\t\t<div class=\"elementor-widget-container\">\n\t\t\t\t\t<h2 class=\"elementor-heading-title elementor-size-default\">AKTUELLES<\/h2>\t\t\t\t<\/div>\n\t\t\t\t<\/div>\n\t\t\t\t<div class=\"elementor-element elementor-element-851a155 elementor-widget elementor-widget-heading\" data-id=\"851a155\" data-element_type=\"widget\" data-widget_type=\"heading.default\">\n\t\t\t\t<div class=\"elementor-widget-container\">\n\t\t\t\t\t<h4 class=\"elementor-heading-title elementor-size-default\">Einladung zu den OFFENEN ATELIERS am 1. Advent 2026<\/h4>\t\t\t\t<\/div>\n\t\t\t\t<\/div>\n\t\t\t\t<div class=\"elementor-element elementor-element-5a3cb07 elementor-widget elementor-widget-text-editor\" data-id=\"5a3cb07\" data-element_type=\"widget\" data-widget_type=\"text-editor.default\">\n\t\t\t\t<div class=\"elementor-widget-container\">\n\t\t\t\t\t\t\t\t\t<p>Traditionell \u00f6ffnen K\u00fcnstlerinnen und K\u00fcnstler unseres Hauses am 1. Advent \u2013 in diesem Jahr ist das der 30. November \u2013 Ihre Ateliert\u00fcren. Neue Arbeiten, Einblicke in die Arbeitsweisen, spannender Austausch und die eine oder andere weihnachtliche Leckerei laden zum Verweilen ein. Und sollten noch nciht alle Weihnachtsgeschenke beisammen sein: hier findet sich sicherlich ein passendes Geschenk!<\/p><p>Ge\u00f6ffnet ist am 30. November von 11 bis 18 Uhr!<\/p><p><\/p>\t\t\t\t\t\t\t\t<\/div>\n\t\t\t\t<\/div>\n\t\t\t\t<section class=\"elementor-section elementor-inner-section elementor-element elementor-element-911c8c7 elementor-section-boxed elementor-section-height-default elementor-section-height-default\" data-id=\"911c8c7\" data-element_type=\"section\">\n\t\t\t\t\t\t<div class=\"elementor-container elementor-column-gap-default\">\n\t\t\t\t\t<div class=\"elementor-column elementor-col-50 elementor-inner-column elementor-element elementor-element-67fd9de\" data-id=\"67fd9de\" data-element_type=\"column\">\n\t\t\t<div class=\"elementor-widget-wrap elementor-element-populated\">\n\t\t\t\t\t\t<div class=\"elementor-element elementor-element-23be0fa elementor-widget elementor-widget-text-editor\" data-id=\"23be0fa\" data-element_type=\"widget\" data-widget_type=\"text-editor.default\">\n\t\t\t\t<div class=\"elementor-widget-container\">\n\t\t\t\t\t\t\t\t\t<p>2. OG:\u00a0<br \/>Volker Witte<br \/>Marita Czepa<br \/>Jochen Czepa<br \/>Karolin H\u00e4gele<\/p>\t\t\t\t\t\t\t\t<\/div>\n\t\t\t\t<\/div>\n\t\t\t\t\t<\/div>\n\t\t<\/div>\n\t\t\t\t<div class=\"elementor-column elementor-col-50 elementor-inner-column elementor-element elementor-element-0e77bcc\" data-id=\"0e77bcc\" data-element_type=\"column\">\n\t\t\t<div class=\"elementor-widget-wrap elementor-element-populated\">\n\t\t\t\t\t\t<div class=\"elementor-element elementor-element-ca96fe9 elementor-widget elementor-widget-text-editor\" data-id=\"ca96fe9\" data-element_type=\"widget\" data-widget_type=\"text-editor.default\">\n\t\t\t\t<div class=\"elementor-widget-container\">\n\t\t\t\t\t\t\t\t\t<p>3. OG: <br \/>Manaf Halbouni<br \/>Ianessa Norris<br \/>Matthieu S\u00e9ry<br \/>\u00d8rjan D\u00f8sen<\/p>\t\t\t\t\t\t\t\t<\/div>\n\t\t\t\t<\/div>\n\t\t\t\t\t<\/div>\n\t\t<\/div>\n\t\t\t\t\t<\/div>\n\t\t<\/section>\n\t\t\t\t\t<\/div>\n\t\t<\/div>\n\t\t\t\t\t<\/div>\n\t\t<\/section>\n\t\t\t\t<\/div>\n\t\t","protected":false},"excerpt":{"rendered":"<p>Herzlich willkommen in unserer Ateliergemeinschaft! Nur ein paar Meter von der Spree entfernt arbeiten wir in unseren Ateliers in dem ehemaligen Verwaltungsgeb\u00e4ude 83 des Transformatorenwerks Obersch\u00f6neweide (TRO) auf dem Gel\u00e4nde der Rathenauhallen. Gegr\u00fcndet im April 2011 zun\u00e4chst im 1. OG, haben wir mittlerweile kr\u00e4ftig Fl\u00e4che dazu gewonnen, belegen nun das<a class=\"moretag\" href=\"https:\/\/xtro-ateliers.de\/\"> Weiterlesen<\/a><\/p>\n","protected":false},"author":1,"featured_media":0,"parent":0,"menu_order":0,"comment_status":"closed","ping_status":"closed","template":"","meta":{"footnotes":""},"class_list":["post-38","page","type-page","status-publish","hentry"],"_links":{"self":[{"href":"https:\/\/xtro-ateliers.de\/index.php\/wp-json\/wp\/v2\/pages\/38","targetHints":{"allow":["GET"]}}],"collection":[{"href":"https:\/\/xtro-ateliers.de\/index.php\/wp-json\/wp\/v2\/pages"}],"about":[{"href":"https:\/\/xtro-ateliers.de\/index.php\/wp-json\/wp\/v2\/types\/page"}],"author":[{"embeddable":true,"href":"https:\/\/xtro-ateliers.de\/index.php\/wp-json\/wp\/v2\/users\/1"}],"replies":[{"embeddable":true,"href":"https:\/\/xtro-ateliers.de\/index.php\/wp-json\/wp\/v2\/comments?post=38"}],"version-history":[{"count":127,"href":"https:\/\/xtro-ateliers.de\/index.php\/wp-json\/wp\/v2\/pages\/38\/revisions"}],"predecessor-version":[{"id":4978,"href":"https:\/\/xtro-ateliers.de\/index.php\/wp-json\/wp\/v2\/pages\/38\/revisions\/4978"}],"wp:attachment":[{"href":"https:\/\/xtro-ateliers.de\/index.php\/wp-json\/wp\/v2\/media?parent=38"}],"curies":[{"name":"wp","href":"https:\/\/api.w.org\/{rel}","templated":true}]}}