{"id":4356,"date":"2020-01-02T16:09:18","date_gmt":"2020-01-02T15:09:18","guid":{"rendered":"http:\/\/neu.xtro-ateliers.de\/?page_id=4356"},"modified":"2020-01-04T12:24:32","modified_gmt":"2020-01-04T11:24:32","slug":"kontakt","status":"publish","type":"page","link":"https:\/\/xtro-ateliers.de\/index.php\/kontakt\/","title":{"rendered":"Kontakt"},"content":{"rendered":"\t\t<div data-elementor-type=\"wp-page\" data-elementor-id=\"4356\" class=\"elementor elementor-4356\">\n\t\t\t\t\t\t<section class=\"elementor-section elementor-top-section elementor-element elementor-element-9830e8c elementor-section-boxed elementor-section-height-default elementor-section-height-default\" data-id=\"9830e8c\" data-element_type=\"section\">\n\t\t\t\t\t\t<div class=\"elementor-container elementor-column-gap-default\">\n\t\t\t\t\t<div class=\"elementor-column elementor-col-100 elementor-top-column elementor-element elementor-element-91a41a1\" data-id=\"91a41a1\" data-element_type=\"column\">\n\t\t\t<div class=\"elementor-widget-wrap elementor-element-populated\">\n\t\t\t\t\t\t<div class=\"elementor-element elementor-element-af5def3 elementor-widget elementor-widget-spacer\" data-id=\"af5def3\" data-element_type=\"widget\" data-widget_type=\"spacer.default\">\n\t\t\t\t<div class=\"elementor-widget-container\">\n\t\t\t\t\t\t\t<div class=\"elementor-spacer\">\n\t\t\t<div class=\"elementor-spacer-inner\"><\/div>\n\t\t<\/div>\n\t\t\t\t\t\t<\/div>\n\t\t\t\t<\/div>\n\t\t\t\t\t<\/div>\n\t\t<\/div>\n\t\t\t\t\t<\/div>\n\t\t<\/section>\n\t\t\t\t<section class=\"elementor-section elementor-top-section elementor-element elementor-element-3d7c728 elementor-section-boxed elementor-section-height-default elementor-section-height-default\" data-id=\"3d7c728\" data-element_type=\"section\">\n\t\t\t\t\t\t<div class=\"elementor-container elementor-column-gap-default\">\n\t\t\t\t\t<div class=\"elementor-column elementor-col-50 elementor-top-column elementor-element elementor-element-c2cd981\" data-id=\"c2cd981\" data-element_type=\"column\">\n\t\t\t<div class=\"elementor-widget-wrap elementor-element-populated\">\n\t\t\t\t\t\t<div class=\"elementor-element elementor-element-c3ce6ac elementor-widget elementor-widget-text-editor\" data-id=\"c3ce6ac\" data-element_type=\"widget\" data-widget_type=\"text-editor.default\">\n\t\t\t\t<div class=\"elementor-widget-container\">\n\t\t\t\t\t\t\t\t\t<p><strong>Postanschrift Atelierverwaltung:<\/strong><\/p>\t\t\t\t\t\t\t\t<\/div>\n\t\t\t\t<\/div>\n\t\t\t\t\t<\/div>\n\t\t<\/div>\n\t\t\t\t<div class=\"elementor-column elementor-col-50 elementor-top-column elementor-element elementor-element-5b4dd59\" data-id=\"5b4dd59\" data-element_type=\"column\">\n\t\t\t<div class=\"elementor-widget-wrap elementor-element-populated\">\n\t\t\t\t\t\t<div class=\"elementor-element elementor-element-48642c3 elementor-widget elementor-widget-text-editor\" data-id=\"48642c3\" data-element_type=\"widget\" data-widget_type=\"text-editor.default\">\n\t\t\t\t<div class=\"elementor-widget-container\">\n\t\t\t\t\t\t\t\t\t<p><strong>XTRO Ateliers<\/strong><br \/>c\/o Steffen Blunk<br \/>Wilhelminenhofstra\u00dfe 83 &#8211; 85 | Geb\u00e4ude 83<br \/>12459 Berlin Obersch\u00f6neweide<\/p>\t\t\t\t\t\t\t\t<\/div>\n\t\t\t\t<\/div>\n\t\t\t\t\t<\/div>\n\t\t<\/div>\n\t\t\t\t\t<\/div>\n\t\t<\/section>\n\t\t\t\t<section class=\"elementor-section elementor-top-section elementor-element elementor-element-eb979e3 elementor-section-boxed elementor-section-height-default elementor-section-height-default\" data-id=\"eb979e3\" data-element_type=\"section\">\n\t\t\t\t\t\t<div class=\"elementor-container elementor-column-gap-default\">\n\t\t\t\t\t<div class=\"elementor-column elementor-col-50 elementor-top-column elementor-element elementor-element-7dfb379\" data-id=\"7dfb379\" data-element_type=\"column\">\n\t\t\t<div class=\"elementor-widget-wrap elementor-element-populated\">\n\t\t\t\t\t\t<div class=\"elementor-element elementor-element-75277f1 elementor-widget elementor-widget-text-editor\" data-id=\"75277f1\" data-element_type=\"widget\" data-widget_type=\"text-editor.default\">\n\t\t\t\t<div class=\"elementor-widget-container\">\n\t\t\t\t\t\t\t\t\t<p><strong>Postanschrift <\/strong><strong>ans\u00e4ssiger K\u00fcnstler*innen:<\/strong><\/p>\t\t\t\t\t\t\t\t<\/div>\n\t\t\t\t<\/div>\n\t\t\t\t\t<\/div>\n\t\t<\/div>\n\t\t\t\t<div class=\"elementor-column elementor-col-50 elementor-top-column elementor-element elementor-element-39a11c5\" data-id=\"39a11c5\" data-element_type=\"column\">\n\t\t\t<div class=\"elementor-widget-wrap elementor-element-populated\">\n\t\t\t\t\t\t<div class=\"elementor-element elementor-element-3e01a4e elementor-widget elementor-widget-text-editor\" data-id=\"3e01a4e\" data-element_type=\"widget\" data-widget_type=\"text-editor.default\">\n\t\t\t\t<div class=\"elementor-widget-container\">\n\t\t\t\t\t\t\t\t\t<p>Vorname Name der K\u00fcnstler*in (bitte einsetzen)<br \/>c\/o XTRO Ateliers<br \/>Wilhelminenhofstra\u00dfe 83 &#8211; 85 | Geb\u00e4ude 83<br \/>12459 Berlin Obersch\u00f6neweide<\/p>\t\t\t\t\t\t\t\t<\/div>\n\t\t\t\t<\/div>\n\t\t\t\t\t<\/div>\n\t\t<\/div>\n\t\t\t\t\t<\/div>\n\t\t<\/section>\n\t\t\t\t<section class=\"elementor-section elementor-top-section elementor-element elementor-element-15c035b elementor-section-boxed elementor-section-height-default elementor-section-height-default\" data-id=\"15c035b\" data-element_type=\"section\">\n\t\t\t\t\t\t<div class=\"elementor-container elementor-column-gap-default\">\n\t\t\t\t\t<div class=\"elementor-column elementor-col-50 elementor-top-column elementor-element elementor-element-2fa7980\" data-id=\"2fa7980\" data-element_type=\"column\">\n\t\t\t<div class=\"elementor-widget-wrap elementor-element-populated\">\n\t\t\t\t\t\t<div class=\"elementor-element elementor-element-c23067f elementor-widget elementor-widget-text-editor\" data-id=\"c23067f\" data-element_type=\"widget\" data-widget_type=\"text-editor.default\">\n\t\t\t\t<div class=\"elementor-widget-container\">\n\t\t\t\t\t\t\t\t\t<p><strong>E-Mailadresse Atelierverwaltung:<\/strong><\/p>\t\t\t\t\t\t\t\t<\/div>\n\t\t\t\t<\/div>\n\t\t\t\t\t<\/div>\n\t\t<\/div>\n\t\t\t\t<div class=\"elementor-column elementor-col-50 elementor-top-column elementor-element elementor-element-8bd2b6c\" data-id=\"8bd2b6c\" data-element_type=\"column\">\n\t\t\t<div class=\"elementor-widget-wrap elementor-element-populated\">\n\t\t\t\t\t\t<div class=\"elementor-element elementor-element-cc03c40 elementor-widget elementor-widget-text-editor\" data-id=\"cc03c40\" data-element_type=\"widget\" data-widget_type=\"text-editor.default\">\n\t\t\t\t<div class=\"elementor-widget-container\">\n\t\t\t\t\t\t\t\t\t<p><a href=\"mailto:info@xtro-ateliers.de\">info@xtro-ateliers.de<\/a><\/p>\t\t\t\t\t\t\t\t<\/div>\n\t\t\t\t<\/div>\n\t\t\t\t\t<\/div>\n\t\t<\/div>\n\t\t\t\t\t<\/div>\n\t\t<\/section>\n\t\t\t\t<section class=\"elementor-section elementor-top-section elementor-element elementor-element-a60d912 elementor-section-boxed elementor-section-height-default elementor-section-height-default\" data-id=\"a60d912\" data-element_type=\"section\">\n\t\t\t\t\t\t<div class=\"elementor-container elementor-column-gap-default\">\n\t\t\t\t\t<div class=\"elementor-column elementor-col-50 elementor-top-column elementor-element elementor-element-31aed57\" data-id=\"31aed57\" data-element_type=\"column\">\n\t\t\t<div class=\"elementor-widget-wrap elementor-element-populated\">\n\t\t\t\t\t\t<div class=\"elementor-element elementor-element-312ae99 elementor-widget elementor-widget-text-editor\" data-id=\"312ae99\" data-element_type=\"widget\" data-widget_type=\"text-editor.default\">\n\t\t\t\t<div class=\"elementor-widget-container\">\n\t\t\t\t\t\t\t\t\t<p><strong>Telefon Atelierverwaltung:<\/strong><\/p>\t\t\t\t\t\t\t\t<\/div>\n\t\t\t\t<\/div>\n\t\t\t\t\t<\/div>\n\t\t<\/div>\n\t\t\t\t<div class=\"elementor-column elementor-col-50 elementor-top-column elementor-element elementor-element-c504ebb\" data-id=\"c504ebb\" data-element_type=\"column\">\n\t\t\t<div class=\"elementor-widget-wrap elementor-element-populated\">\n\t\t\t\t\t\t<div class=\"elementor-element elementor-element-4bda606 elementor-widget elementor-widget-text-editor\" data-id=\"4bda606\" data-element_type=\"widget\" data-widget_type=\"text-editor.default\">\n\t\t\t\t<div class=\"elementor-widget-container\">\n\t\t\t\t\t\t\t\t\t<p>030 88 94 95 81<\/p>\t\t\t\t\t\t\t\t<\/div>\n\t\t\t\t<\/div>\n\t\t\t\t\t<\/div>\n\t\t<\/div>\n\t\t\t\t\t<\/div>\n\t\t<\/section>\n\t\t\t\t<\/div>\n\t\t","protected":false},"excerpt":{"rendered":"<p>Postanschrift Atelierverwaltung: XTRO Ateliersc\/o Steffen BlunkWilhelminenhofstra\u00dfe 83 &#8211; 85 | Geb\u00e4ude 8312459 Berlin Obersch\u00f6neweide Postanschrift ans\u00e4ssiger K\u00fcnstler*innen: Vorname Name der K\u00fcnstler*in (bitte einsetzen)c\/o XTRO AteliersWilhelminenhofstra\u00dfe 83 &#8211; 85 | Geb\u00e4ude 8312459 Berlin Obersch\u00f6neweide E-Mailadresse Atelierverwaltung: info@xtro-ateliers.de Telefon Atelierverwaltung: 030 88 94 95 81<\/p>\n","protected":false},"author":1,"featured_media":0,"parent":0,"menu_order":0,"comment_status":"closed","ping_status":"closed","template":"page-templates\/template-fullwidth.php","meta":{"footnotes":""},"class_list":["post-4356","page","type-page","status-publish","hentry"],"_links":{"self":[{"href":"https:\/\/xtro-ateliers.de\/index.php\/wp-json\/wp\/v2\/pages\/4356","targetHints":{"allow":["GET"]}}],"collection":[{"href":"https:\/\/xtro-ateliers.de\/index.php\/wp-json\/wp\/v2\/pages"}],"about":[{"href":"https:\/\/xtro-ateliers.de\/index.php\/wp-json\/wp\/v2\/types\/page"}],"author":[{"embeddable":true,"href":"https:\/\/xtro-ateliers.de\/index.php\/wp-json\/wp\/v2\/users\/1"}],"replies":[{"embeddable":true,"href":"https:\/\/xtro-ateliers.de\/index.php\/wp-json\/wp\/v2\/comments?post=4356"}],"version-history":[{"count":7,"href":"https:\/\/xtro-ateliers.de\/index.php\/wp-json\/wp\/v2\/pages\/4356\/revisions"}],"predecessor-version":[{"id":4497,"href":"https:\/\/xtro-ateliers.de\/index.php\/wp-json\/wp\/v2\/pages\/4356\/revisions\/4497"}],"wp:attachment":[{"href":"https:\/\/xtro-ateliers.de\/index.php\/wp-json\/wp\/v2\/media?parent=4356"}],"curies":[{"name":"wp","href":"https:\/\/api.w.org\/{rel}","templated":true}]}}